{"id":32,"date":"2013-07-11T19:59:23","date_gmt":"2013-07-11T19:59:23","guid":{"rendered":"https:\/\/crx-blog.vain-network.de\/?page_id=32"},"modified":"2017-06-28T13:32:31","modified_gmt":"2017-06-28T12:32:31","slug":"startpage","status":"publish","type":"page","link":"https:\/\/crx-blog.vain-network.de\/","title":{"rendered":"Startpage"},"content":{"rendered":"<p>Willkommen auf meinem Blog.<\/p>\n<p>Ich stelle hier mehr oder weniger regelm\u00e4\u00dfig meine aktuellen Projekte rund um meine Honda CRX Del Sols vor.<\/p>\n<p>Viel Spa\u00df beim Lesen und eventuell ja Nachbauen.<\/p>\n<p><a href=\"https:\/\/crx-blog.vain-network.de\/wp-content\/uploads\/2014\/09\/IMG_2147.jpg\"><img loading=\"lazy\" decoding=\"async\" class=\"alignnone size-medium wp-image-832\" src=\"https:\/\/crx-blog.vain-network.de\/wp-content\/uploads\/2014\/09\/IMG_2147-600x400.jpg\" alt=\"IMG_2147\" width=\"600\" height=\"400\" srcset=\"https:\/\/crx-blog.vain-network.de\/wp-content\/uploads\/2014\/09\/IMG_2147-600x400.jpg 600w, https:\/\/crx-blog.vain-network.de\/wp-content\/uploads\/2014\/09\/IMG_2147-1280x853.jpg 1280w\" sizes=\"auto, (max-width: 600px) 100vw, 600px\" \/><\/a><\/p>\n<p><a href=\"https:\/\/crx-blog.vain-network.de\/wp-content\/uploads\/2014\/07\/IMG_07631.jpg\"><img loading=\"lazy\" decoding=\"async\" class=\"alignnone size-medium wp-image-663\" src=\"https:\/\/crx-blog.vain-network.de\/wp-content\/uploads\/2014\/07\/IMG_07631-600x400.jpg\" alt=\"\" width=\"600\" height=\"400\" srcset=\"https:\/\/crx-blog.vain-network.de\/wp-content\/uploads\/2014\/07\/IMG_07631-600x400.jpg 600w, https:\/\/crx-blog.vain-network.de\/wp-content\/uploads\/2014\/07\/IMG_07631-1280x853.jpg 1280w\" sizes=\"auto, (max-width: 600px) 100vw, 600px\" \/><\/a><\/p>\n<p><a href=\"https:\/\/crx-blog.vain-network.de\/wp-content\/uploads\/2017\/06\/IMG_7357.jpg\"><img loading=\"lazy\" decoding=\"async\" class=\"alignnone size-medium wp-image-1031\" src=\"https:\/\/crx-blog.vain-network.de\/wp-content\/uploads\/2017\/06\/IMG_7357-600x400.jpg\" alt=\"\" width=\"600\" height=\"400\" srcset=\"https:\/\/crx-blog.vain-network.de\/wp-content\/uploads\/2017\/06\/IMG_7357-600x400.jpg 600w, https:\/\/crx-blog.vain-network.de\/wp-content\/uploads\/2017\/06\/IMG_7357-1280x853.jpg 1280w\" sizes=\"auto, (max-width: 600px) 100vw, 600px\" \/><\/a><\/p>\n","protected":false},"excerpt":{"rendered":"<p>Willkommen auf meinem Blog. Ich stelle hier mehr oder weniger regelm\u00e4\u00dfig meine aktuellen Projekte rund um meine Honda CRX Del Sols vor. Viel Spa\u00df beim Lesen und eventuell ja Nachbauen.<\/p>\n","protected":false},"author":1,"featured_media":701,"parent":0,"menu_order":1,"comment_status":"closed","ping_status":"closed","template":"","meta":{"footnotes":""},"class_list":["post-32","page","type-page","status-publish","hentry"],"_links":{"self":[{"href":"https:\/\/crx-blog.vain-network.de\/index.php?rest_route=\/wp\/v2\/pages\/32","targetHints":{"allow":["GET"]}}],"collection":[{"href":"https:\/\/crx-blog.vain-network.de\/index.php?rest_route=\/wp\/v2\/pages"}],"about":[{"href":"https:\/\/crx-blog.vain-network.de\/index.php?rest_route=\/wp\/v2\/types\/page"}],"author":[{"embeddable":true,"href":"https:\/\/crx-blog.vain-network.de\/index.php?rest_route=\/wp\/v2\/users\/1"}],"replies":[{"embeddable":true,"href":"https:\/\/crx-blog.vain-network.de\/index.php?rest_route=%2Fwp%2Fv2%2Fcomments&post=32"}],"version-history":[{"count":8,"href":"https:\/\/crx-blog.vain-network.de\/index.php?rest_route=\/wp\/v2\/pages\/32\/revisions"}],"predecessor-version":[{"id":1032,"href":"https:\/\/crx-blog.vain-network.de\/index.php?rest_route=\/wp\/v2\/pages\/32\/revisions\/1032"}],"wp:featuredmedia":[{"embeddable":true,"href":"https:\/\/crx-blog.vain-network.de\/index.php?rest_route=\/wp\/v2\/media\/701"}],"wp:attachment":[{"href":"https:\/\/crx-blog.vain-network.de\/index.php?rest_route=%2Fwp%2Fv2%2Fmedia&parent=32"}],"curies":[{"name":"wp","href":"https:\/\/api.w.org\/{rel}","templated":true}]}}